{"id":1099,"date":"2019-07-08T07:12:10","date_gmt":"2019-07-08T07:12:10","guid":{"rendered":"https:\/\/medico.dexville.agency\/product\/bioskin-thigh\/"},"modified":"2019-12-12T14:38:38","modified_gmt":"2019-12-12T14:38:38","slug":"bioskin-thigh","status":"publish","type":"product","link":"https:\/\/shop.medico.be\/fr\/produit\/bioskin-thigh\/","title":{"rendered":"Bioskin Thigh"},"content":{"rendered":"<p>Lorsque vous souffrez d\u2019une \u00e9longation de la cuisse, vous \u00eates moins mobile. De ce fait, il vous est plus difficile de pratiquer des activit\u00e9s quotidiennes en rapport avec le sport. Heureusement, le bandage de cuisse proactif vous permet de rester mobile. Le bandage de cuisse est id\u00e9al pour les contusions et les claquages \u00e0 la cuisse. Le bandage de cuisse sert \u00e0 renforcer la compression et \u00e0 r\u00e9duire la douleur en cas de blessures diverses \u00e0 la cuisse.<\/p>\n","protected":false},"excerpt":{"rendered":"<p>Lorsque vous souffrez d\u2019une \u00e9longation de la cuisse, vous \u00eates moins mobile.<\/p>\n","protected":false},"featured_media":382,"template":"","meta":{"_acf_changed":false},"product_brand":[],"product_cat":[93],"product_tag":[118],"class_list":{"0":"post-1099","1":"product","2":"type-product","3":"status-publish","4":"has-post-thumbnail","6":"product_cat-bandages-sportifs","7":"product_tag-bioskin-fr","9":"first","10":"instock","11":"shipping-taxable","12":"purchasable","13":"product-type-variable"},"acf":[],"yoast_head":"<!-- This site is optimized with the Yoast SEO plugin v27.4 - https:\/\/yoast.com\/product\/yoast-seo-wordpress\/ -->\n<title>Bioskin Thigh - Medico Vergaelen<\/title>\n<meta name=\"robots\" content=\"index, follow, max-snippet:-1, max-image-preview:large, max-video-preview:-1\" \/>\n<link rel=\"canonical\" href=\"https:\/\/shop.medico.be\/fr\/produit\/bioskin-thigh\/\" \/>\n<meta property=\"og:locale\" content=\"fr_FR\" \/>\n<meta property=\"og:type\" content=\"article\" \/>\n<meta property=\"og:title\" content=\"Bioskin Thigh - Medico Vergaelen\" \/>\n<meta property=\"og:description\" content=\"Lorsque vous souffrez d\u2019une \u00e9longation de la cuisse, vous \u00eates moins mobile.\" \/>\n<meta property=\"og:url\" content=\"https:\/\/shop.medico.be\/fr\/produit\/bioskin-thigh\/\" \/>\n<meta property=\"og:site_name\" content=\"Medico Vergaelen\" \/>\n<meta property=\"article:modified_time\" content=\"2019-12-12T14:38:38+00:00\" \/>\n<meta property=\"og:image\" content=\"https:\/\/shop.medico.be\/wp-content\/uploads\/2019\/07\/bioskin-thigh.png\" \/>\n\t<meta property=\"og:image:width\" content=\"800\" \/>\n\t<meta property=\"og:image:height\" content=\"800\" \/>\n\t<meta property=\"og:image:type\" content=\"image\/png\" \/>\n<meta name=\"twitter:card\" content=\"summary_large_image\" \/>\n<script type=\"application\/ld+json\" class=\"yoast-schema-graph\">{\"@context\":\"https:\\\/\\\/schema.org\",\"@graph\":[{\"@type\":\"WebPage\",\"@id\":\"https:\\\/\\\/shop.medico.be\\\/fr\\\/produit\\\/bioskin-thigh\\\/\",\"url\":\"https:\\\/\\\/shop.medico.be\\\/fr\\\/produit\\\/bioskin-thigh\\\/\",\"name\":\"Bioskin Thigh - Medico Vergaelen\",\"isPartOf\":{\"@id\":\"https:\\\/\\\/shop.medico.be\\\/fr\\\/#website\"},\"primaryImageOfPage\":{\"@id\":\"https:\\\/\\\/shop.medico.be\\\/fr\\\/produit\\\/bioskin-thigh\\\/#primaryimage\"},\"image\":{\"@id\":\"https:\\\/\\\/shop.medico.be\\\/fr\\\/produit\\\/bioskin-thigh\\\/#primaryimage\"},\"thumbnailUrl\":\"https:\\\/\\\/shop.medico.be\\\/wp-content\\\/uploads\\\/2019\\\/07\\\/bioskin-thigh.png\",\"datePublished\":\"2019-07-08T07:12:10+00:00\",\"dateModified\":\"2019-12-12T14:38:38+00:00\",\"breadcrumb\":{\"@id\":\"https:\\\/\\\/shop.medico.be\\\/fr\\\/produit\\\/bioskin-thigh\\\/#breadcrumb\"},\"inLanguage\":\"fr-FR\",\"potentialAction\":[{\"@type\":\"ReadAction\",\"target\":[\"https:\\\/\\\/shop.medico.be\\\/fr\\\/produit\\\/bioskin-thigh\\\/\"]}]},{\"@type\":\"ImageObject\",\"inLanguage\":\"fr-FR\",\"@id\":\"https:\\\/\\\/shop.medico.be\\\/fr\\\/produit\\\/bioskin-thigh\\\/#primaryimage\",\"url\":\"https:\\\/\\\/shop.medico.be\\\/wp-content\\\/uploads\\\/2019\\\/07\\\/bioskin-thigh.png\",\"contentUrl\":\"https:\\\/\\\/shop.medico.be\\\/wp-content\\\/uploads\\\/2019\\\/07\\\/bioskin-thigh.png\",\"width\":800,\"height\":800},{\"@type\":\"BreadcrumbList\",\"@id\":\"https:\\\/\\\/shop.medico.be\\\/fr\\\/produit\\\/bioskin-thigh\\\/#breadcrumb\",\"itemListElement\":[{\"@type\":\"ListItem\",\"position\":1,\"name\":\"Home\",\"item\":\"https:\\\/\\\/shop.medico.be\\\/fr\\\/\"},{\"@type\":\"ListItem\",\"position\":2,\"name\":\"Le magasin\",\"item\":\"https:\\\/\\\/shop.medico.be\\\/fr\\\/\"},{\"@type\":\"ListItem\",\"position\":3,\"name\":\"Bioskin Thigh\"}]},{\"@type\":\"WebSite\",\"@id\":\"https:\\\/\\\/shop.medico.be\\\/fr\\\/#website\",\"url\":\"https:\\\/\\\/shop.medico.be\\\/fr\\\/\",\"name\":\"Medico Vergaelen\",\"description\":\"Webshop\",\"potentialAction\":[{\"@type\":\"SearchAction\",\"target\":{\"@type\":\"EntryPoint\",\"urlTemplate\":\"https:\\\/\\\/shop.medico.be\\\/fr\\\/?s={search_term_string}\"},\"query-input\":{\"@type\":\"PropertyValueSpecification\",\"valueRequired\":true,\"valueName\":\"search_term_string\"}}],\"inLanguage\":\"fr-FR\"}]}<\/script>\n<!-- \/ Yoast SEO plugin. -->","yoast_head_json":{"title":"Bioskin Thigh - Medico Vergaelen","robots":{"index":"index","follow":"follow","max-snippet":"max-snippet:-1","max-image-preview":"max-image-preview:large","max-video-preview":"max-video-preview:-1"},"canonical":"https:\/\/shop.medico.be\/fr\/produit\/bioskin-thigh\/","og_locale":"fr_FR","og_type":"article","og_title":"Bioskin Thigh - Medico Vergaelen","og_description":"Lorsque vous souffrez d\u2019une \u00e9longation de la cuisse, vous \u00eates moins mobile.","og_url":"https:\/\/shop.medico.be\/fr\/produit\/bioskin-thigh\/","og_site_name":"Medico Vergaelen","article_modified_time":"2019-12-12T14:38:38+00:00","og_image":[{"width":800,"height":800,"url":"https:\/\/shop.medico.be\/wp-content\/uploads\/2019\/07\/bioskin-thigh.png","type":"image\/png"}],"twitter_card":"summary_large_image","schema":{"@context":"https:\/\/schema.org","@graph":[{"@type":"WebPage","@id":"https:\/\/shop.medico.be\/fr\/produit\/bioskin-thigh\/","url":"https:\/\/shop.medico.be\/fr\/produit\/bioskin-thigh\/","name":"Bioskin Thigh - Medico Vergaelen","isPartOf":{"@id":"https:\/\/shop.medico.be\/fr\/#website"},"primaryImageOfPage":{"@id":"https:\/\/shop.medico.be\/fr\/produit\/bioskin-thigh\/#primaryimage"},"image":{"@id":"https:\/\/shop.medico.be\/fr\/produit\/bioskin-thigh\/#primaryimage"},"thumbnailUrl":"https:\/\/shop.medico.be\/wp-content\/uploads\/2019\/07\/bioskin-thigh.png","datePublished":"2019-07-08T07:12:10+00:00","dateModified":"2019-12-12T14:38:38+00:00","breadcrumb":{"@id":"https:\/\/shop.medico.be\/fr\/produit\/bioskin-thigh\/#breadcrumb"},"inLanguage":"fr-FR","potentialAction":[{"@type":"ReadAction","target":["https:\/\/shop.medico.be\/fr\/produit\/bioskin-thigh\/"]}]},{"@type":"ImageObject","inLanguage":"fr-FR","@id":"https:\/\/shop.medico.be\/fr\/produit\/bioskin-thigh\/#primaryimage","url":"https:\/\/shop.medico.be\/wp-content\/uploads\/2019\/07\/bioskin-thigh.png","contentUrl":"https:\/\/shop.medico.be\/wp-content\/uploads\/2019\/07\/bioskin-thigh.png","width":800,"height":800},{"@type":"BreadcrumbList","@id":"https:\/\/shop.medico.be\/fr\/produit\/bioskin-thigh\/#breadcrumb","itemListElement":[{"@type":"ListItem","position":1,"name":"Home","item":"https:\/\/shop.medico.be\/fr\/"},{"@type":"ListItem","position":2,"name":"Le magasin","item":"https:\/\/shop.medico.be\/fr\/"},{"@type":"ListItem","position":3,"name":"Bioskin Thigh"}]},{"@type":"WebSite","@id":"https:\/\/shop.medico.be\/fr\/#website","url":"https:\/\/shop.medico.be\/fr\/","name":"Medico Vergaelen","description":"Webshop","potentialAction":[{"@type":"SearchAction","target":{"@type":"EntryPoint","urlTemplate":"https:\/\/shop.medico.be\/fr\/?s={search_term_string}"},"query-input":{"@type":"PropertyValueSpecification","valueRequired":true,"valueName":"search_term_string"}}],"inLanguage":"fr-FR"}]}},"_links":{"self":[{"href":"https:\/\/shop.medico.be\/fr\/wp-json\/wp\/v2\/product\/1099","targetHints":{"allow":["GET"]}}],"collection":[{"href":"https:\/\/shop.medico.be\/fr\/wp-json\/wp\/v2\/product"}],"about":[{"href":"https:\/\/shop.medico.be\/fr\/wp-json\/wp\/v2\/types\/product"}],"wp:featuredmedia":[{"embeddable":true,"href":"https:\/\/shop.medico.be\/fr\/wp-json\/wp\/v2\/media\/382"}],"wp:attachment":[{"href":"https:\/\/shop.medico.be\/fr\/wp-json\/wp\/v2\/media?parent=1099"}],"wp:term":[{"taxonomy":"product_brand","embeddable":true,"href":"https:\/\/shop.medico.be\/fr\/wp-json\/wp\/v2\/product_brand?post=1099"},{"taxonomy":"product_cat","embeddable":true,"href":"https:\/\/shop.medico.be\/fr\/wp-json\/wp\/v2\/product_cat?post=1099"},{"taxonomy":"product_tag","embeddable":true,"href":"https:\/\/shop.medico.be\/fr\/wp-json\/wp\/v2\/product_tag?post=1099"}],"curies":[{"name":"wp","href":"https:\/\/api.w.org\/{rel}","templated":true}]}}