{"id":1080,"date":"2019-06-13T13:51:49","date_gmt":"2019-06-13T13:51:49","guid":{"rendered":"https:\/\/medico.dexville.agency\/product\/coccyx-kussen\/"},"modified":"2022-09-27T11:31:45","modified_gmt":"2022-09-27T09:31:45","slug":"coccyx-coussin","status":"publish","type":"product","link":"https:\/\/shop.medico.be\/fr\/produit\/coccyx-coussin\/","title":{"rendered":"Coccyx coussin"},"content":{"rendered":"<p>Votre coccyx vous fait souffrir ? Le coussin Coccyx permet de r\u00e9duire la pression ! Le coussin Able2 Proform Coccyx est con\u00e7u de la m\u00eame mani\u00e8re que le Coussin Able2 Proform Standard, mais avec une d\u00e9coupe pour le coccyx. Id\u00e9al en cas de probl\u00e8mes de coccyx. Le Coussin Coccyx a une structure en coquille d\u2019\u0153uf pour une circulation optimale de l\u2019air. Le Coussin Able2 Proform Coccyx diminue la pression et est livr\u00e9 avec une housse de luxe en faux daim (Housse Suedette : imitation daim avec fermeture \u00e9clair lavable 100 % polyester).<\/p>\n<p><strong>Sp\u00e9cifications du coussin Coccyx\u00a0:<\/strong><br \/>\nDimensions l 43 x L 43 x H 8 cm<br \/>\nPoids de l\u2019utilisateur max. 115\u00a0kg<br \/>\nGroupe \u00e0 risque d\u00e9cubitus\u00a0: bas<\/p>\n","protected":false},"excerpt":{"rendered":"<p>Votre coccyx vous fait souffrir\u00a0? Le coussin Able2 Coccyx permet de r\u00e9duire la pression\u00a0!<\/p>\n","protected":false},"featured_media":567,"template":"","meta":{"_acf_changed":false},"product_brand":[],"product_cat":[84,82],"product_tag":[],"class_list":{"0":"post-1080","1":"product","2":"type-product","3":"status-publish","4":"has-post-thumbnail","6":"product_cat-coussin-triangulaire","7":"product_cat-coussins","9":"first","10":"instock","11":"shipping-taxable","12":"purchasable","13":"product-type-simple"},"acf":[],"yoast_head":"<!-- This site is optimized with the Yoast SEO plugin v27.4 - https:\/\/yoast.com\/product\/yoast-seo-wordpress\/ -->\n<title>Coccyx coussin - Medico Vergaelen<\/title>\n<meta name=\"robots\" content=\"index, follow, max-snippet:-1, max-image-preview:large, max-video-preview:-1\" \/>\n<link rel=\"canonical\" href=\"https:\/\/shop.medico.be\/fr\/produit\/coccyx-coussin\/\" \/>\n<meta property=\"og:locale\" content=\"fr_FR\" \/>\n<meta property=\"og:type\" content=\"article\" \/>\n<meta property=\"og:title\" content=\"Coccyx coussin - Medico Vergaelen\" \/>\n<meta property=\"og:description\" content=\"Votre coccyx vous fait souffrir\u00a0? Le coussin Able2 Coccyx permet de r\u00e9duire la pression\u00a0!\" \/>\n<meta property=\"og:url\" content=\"https:\/\/shop.medico.be\/fr\/produit\/coccyx-coussin\/\" \/>\n<meta property=\"og:site_name\" content=\"Medico Vergaelen\" \/>\n<meta property=\"article:modified_time\" content=\"2022-09-27T09:31:45+00:00\" \/>\n<meta property=\"og:image\" content=\"https:\/\/shop.medico.be\/wp-content\/uploads\/2019\/06\/coccyx-1.jpg\" \/>\n\t<meta property=\"og:image:width\" content=\"300\" \/>\n\t<meta property=\"og:image:height\" content=\"300\" \/>\n\t<meta property=\"og:image:type\" content=\"image\/jpeg\" \/>\n<meta name=\"twitter:card\" content=\"summary_large_image\" \/>\n<meta name=\"twitter:label1\" content=\"Dur\u00e9e de lecture estim\u00e9e\" \/>\n\t<meta name=\"twitter:data1\" content=\"1 minute\" \/>\n<script type=\"application\/ld+json\" class=\"yoast-schema-graph\">{\"@context\":\"https:\\\/\\\/schema.org\",\"@graph\":[{\"@type\":\"WebPage\",\"@id\":\"https:\\\/\\\/shop.medico.be\\\/fr\\\/produit\\\/coccyx-coussin\\\/\",\"url\":\"https:\\\/\\\/shop.medico.be\\\/fr\\\/produit\\\/coccyx-coussin\\\/\",\"name\":\"Coccyx coussin - Medico Vergaelen\",\"isPartOf\":{\"@id\":\"https:\\\/\\\/shop.medico.be\\\/fr\\\/#website\"},\"primaryImageOfPage\":{\"@id\":\"https:\\\/\\\/shop.medico.be\\\/fr\\\/produit\\\/coccyx-coussin\\\/#primaryimage\"},\"image\":{\"@id\":\"https:\\\/\\\/shop.medico.be\\\/fr\\\/produit\\\/coccyx-coussin\\\/#primaryimage\"},\"thumbnailUrl\":\"https:\\\/\\\/shop.medico.be\\\/wp-content\\\/uploads\\\/2019\\\/06\\\/coccyx-1.jpg\",\"datePublished\":\"2019-06-13T13:51:49+00:00\",\"dateModified\":\"2022-09-27T09:31:45+00:00\",\"breadcrumb\":{\"@id\":\"https:\\\/\\\/shop.medico.be\\\/fr\\\/produit\\\/coccyx-coussin\\\/#breadcrumb\"},\"inLanguage\":\"fr-FR\",\"potentialAction\":[{\"@type\":\"ReadAction\",\"target\":[\"https:\\\/\\\/shop.medico.be\\\/fr\\\/produit\\\/coccyx-coussin\\\/\"]}]},{\"@type\":\"ImageObject\",\"inLanguage\":\"fr-FR\",\"@id\":\"https:\\\/\\\/shop.medico.be\\\/fr\\\/produit\\\/coccyx-coussin\\\/#primaryimage\",\"url\":\"https:\\\/\\\/shop.medico.be\\\/wp-content\\\/uploads\\\/2019\\\/06\\\/coccyx-1.jpg\",\"contentUrl\":\"https:\\\/\\\/shop.medico.be\\\/wp-content\\\/uploads\\\/2019\\\/06\\\/coccyx-1.jpg\",\"width\":300,\"height\":300},{\"@type\":\"BreadcrumbList\",\"@id\":\"https:\\\/\\\/shop.medico.be\\\/fr\\\/produit\\\/coccyx-coussin\\\/#breadcrumb\",\"itemListElement\":[{\"@type\":\"ListItem\",\"position\":1,\"name\":\"Home\",\"item\":\"https:\\\/\\\/shop.medico.be\\\/fr\\\/\"},{\"@type\":\"ListItem\",\"position\":2,\"name\":\"Le magasin\",\"item\":\"https:\\\/\\\/shop.medico.be\\\/fr\\\/\"},{\"@type\":\"ListItem\",\"position\":3,\"name\":\"Coccyx coussin\"}]},{\"@type\":\"WebSite\",\"@id\":\"https:\\\/\\\/shop.medico.be\\\/fr\\\/#website\",\"url\":\"https:\\\/\\\/shop.medico.be\\\/fr\\\/\",\"name\":\"Medico Vergaelen\",\"description\":\"Webshop\",\"potentialAction\":[{\"@type\":\"SearchAction\",\"target\":{\"@type\":\"EntryPoint\",\"urlTemplate\":\"https:\\\/\\\/shop.medico.be\\\/fr\\\/?s={search_term_string}\"},\"query-input\":{\"@type\":\"PropertyValueSpecification\",\"valueRequired\":true,\"valueName\":\"search_term_string\"}}],\"inLanguage\":\"fr-FR\"}]}<\/script>\n<!-- \/ Yoast SEO plugin. -->","yoast_head_json":{"title":"Coccyx coussin - Medico Vergaelen","robots":{"index":"index","follow":"follow","max-snippet":"max-snippet:-1","max-image-preview":"max-image-preview:large","max-video-preview":"max-video-preview:-1"},"canonical":"https:\/\/shop.medico.be\/fr\/produit\/coccyx-coussin\/","og_locale":"fr_FR","og_type":"article","og_title":"Coccyx coussin - Medico Vergaelen","og_description":"Votre coccyx vous fait souffrir\u00a0? Le coussin Able2 Coccyx permet de r\u00e9duire la pression\u00a0!","og_url":"https:\/\/shop.medico.be\/fr\/produit\/coccyx-coussin\/","og_site_name":"Medico Vergaelen","article_modified_time":"2022-09-27T09:31:45+00:00","og_image":[{"width":300,"height":300,"url":"https:\/\/shop.medico.be\/wp-content\/uploads\/2019\/06\/coccyx-1.jpg","type":"image\/jpeg"}],"twitter_card":"summary_large_image","twitter_misc":{"Dur\u00e9e de lecture estim\u00e9e":"1 minute"},"schema":{"@context":"https:\/\/schema.org","@graph":[{"@type":"WebPage","@id":"https:\/\/shop.medico.be\/fr\/produit\/coccyx-coussin\/","url":"https:\/\/shop.medico.be\/fr\/produit\/coccyx-coussin\/","name":"Coccyx coussin - Medico Vergaelen","isPartOf":{"@id":"https:\/\/shop.medico.be\/fr\/#website"},"primaryImageOfPage":{"@id":"https:\/\/shop.medico.be\/fr\/produit\/coccyx-coussin\/#primaryimage"},"image":{"@id":"https:\/\/shop.medico.be\/fr\/produit\/coccyx-coussin\/#primaryimage"},"thumbnailUrl":"https:\/\/shop.medico.be\/wp-content\/uploads\/2019\/06\/coccyx-1.jpg","datePublished":"2019-06-13T13:51:49+00:00","dateModified":"2022-09-27T09:31:45+00:00","breadcrumb":{"@id":"https:\/\/shop.medico.be\/fr\/produit\/coccyx-coussin\/#breadcrumb"},"inLanguage":"fr-FR","potentialAction":[{"@type":"ReadAction","target":["https:\/\/shop.medico.be\/fr\/produit\/coccyx-coussin\/"]}]},{"@type":"ImageObject","inLanguage":"fr-FR","@id":"https:\/\/shop.medico.be\/fr\/produit\/coccyx-coussin\/#primaryimage","url":"https:\/\/shop.medico.be\/wp-content\/uploads\/2019\/06\/coccyx-1.jpg","contentUrl":"https:\/\/shop.medico.be\/wp-content\/uploads\/2019\/06\/coccyx-1.jpg","width":300,"height":300},{"@type":"BreadcrumbList","@id":"https:\/\/shop.medico.be\/fr\/produit\/coccyx-coussin\/#breadcrumb","itemListElement":[{"@type":"ListItem","position":1,"name":"Home","item":"https:\/\/shop.medico.be\/fr\/"},{"@type":"ListItem","position":2,"name":"Le magasin","item":"https:\/\/shop.medico.be\/fr\/"},{"@type":"ListItem","position":3,"name":"Coccyx coussin"}]},{"@type":"WebSite","@id":"https:\/\/shop.medico.be\/fr\/#website","url":"https:\/\/shop.medico.be\/fr\/","name":"Medico Vergaelen","description":"Webshop","potentialAction":[{"@type":"SearchAction","target":{"@type":"EntryPoint","urlTemplate":"https:\/\/shop.medico.be\/fr\/?s={search_term_string}"},"query-input":{"@type":"PropertyValueSpecification","valueRequired":true,"valueName":"search_term_string"}}],"inLanguage":"fr-FR"}]}},"_links":{"self":[{"href":"https:\/\/shop.medico.be\/fr\/wp-json\/wp\/v2\/product\/1080","targetHints":{"allow":["GET"]}}],"collection":[{"href":"https:\/\/shop.medico.be\/fr\/wp-json\/wp\/v2\/product"}],"about":[{"href":"https:\/\/shop.medico.be\/fr\/wp-json\/wp\/v2\/types\/product"}],"wp:featuredmedia":[{"embeddable":true,"href":"https:\/\/shop.medico.be\/fr\/wp-json\/wp\/v2\/media\/567"}],"wp:attachment":[{"href":"https:\/\/shop.medico.be\/fr\/wp-json\/wp\/v2\/media?parent=1080"}],"wp:term":[{"taxonomy":"product_brand","embeddable":true,"href":"https:\/\/shop.medico.be\/fr\/wp-json\/wp\/v2\/product_brand?post=1080"},{"taxonomy":"product_cat","embeddable":true,"href":"https:\/\/shop.medico.be\/fr\/wp-json\/wp\/v2\/product_cat?post=1080"},{"taxonomy":"product_tag","embeddable":true,"href":"https:\/\/shop.medico.be\/fr\/wp-json\/wp\/v2\/product_tag?post=1080"}],"curies":[{"name":"wp","href":"https:\/\/api.w.org\/{rel}","templated":true}]}}